{"id":1305,"date":"2025-01-23T20:46:50","date_gmt":"2025-01-23T20:46:50","guid":{"rendered":"https:\/\/www.solarplus.be\/?page_id=1305"},"modified":"2025-01-31T13:13:31","modified_gmt":"2025-01-31T13:13:31","slug":"privacyverklaring","status":"publish","type":"page","link":"https:\/\/www.solarplus.be\/fr\/privacyverklaring\/","title":{"rendered":"D\u00e9claration de confidentialit\u00e9"},"content":{"rendered":"<div data-elementor-type=\"wp-page\" data-elementor-id=\"1305\" class=\"elementor elementor-1305\" data-elementor-post-type=\"page\">\n\t\t\t\t<div class=\"elementor-element elementor-element-c59e5fa e-flex e-con-boxed e-con e-parent\" data-id=\"c59e5fa\" data-element_type=\"container\" data-e-type=\"container\" data-settings=\"{&quot;background_background&quot;:&quot;gradient&quot;}\">\n\t\t\t\t\t<div class=\"e-con-inner\">\n\t\t\t\t<div class=\"elementor-element elementor-element-3b24867 elementor-widget elementor-widget-heading\" data-id=\"3b24867\" data-element_type=\"widget\" data-e-type=\"widget\" data-widget_type=\"heading.default\">\n\t\t\t\t<div class=\"elementor-widget-container\">\n\t\t\t\t\t<h1 class=\"elementor-heading-title elementor-size-default\">D\u00e9claration de confidentialit\u00e9<\/h1>\t\t\t\t<\/div>\n\t\t\t\t<\/div>\n\t\t\t\t<div class=\"elementor-element elementor-element-3b8fe38 elementor-widget elementor-widget-text-editor\" data-id=\"3b8fe38\" data-element_type=\"widget\" data-e-type=\"widget\" data-widget_type=\"text-editor.default\">\n\t\t\t\t<div class=\"elementor-widget-container\">\n\t\t\t\t\t\t\t\t\t<hr \/><p>Derni\u00e8re mise \u00e0 jour: <strong>23 \/ 1 \/ 2025<\/strong><\/p>\t\t\t\t\t\t\t\t<\/div>\n\t\t\t\t<\/div>\n\t\t<div class=\"elementor-element elementor-element-4543888 e-con-full e-flex e-con e-child\" data-id=\"4543888\" data-element_type=\"container\" data-e-type=\"container\">\n\t\t\t\t<div class=\"elementor-element elementor-element-067d10f elementor-widget elementor-widget-heading\" data-id=\"067d10f\" data-element_type=\"widget\" data-e-type=\"widget\" data-widget_type=\"heading.default\">\n\t\t\t\t<div class=\"elementor-widget-container\">\n\t\t\t\t\t<span class=\"elementor-heading-title elementor-size-default\">Home<\/span>\t\t\t\t<\/div>\n\t\t\t\t<\/div>\n\t\t\t\t<div class=\"elementor-element elementor-element-e0c60b4 elementor-view-default elementor-widget elementor-widget-icon\" data-id=\"e0c60b4\" data-element_type=\"widget\" data-e-type=\"widget\" data-widget_type=\"icon.default\">\n\t\t\t\t<div class=\"elementor-widget-container\">\n\t\t\t\t\t\t\t<div class=\"elementor-icon-wrapper\">\n\t\t\t<div class=\"elementor-icon\">\n\t\t\t<svg aria-hidden=\"true\" class=\"e-font-icon-svg e-fas-angle-right\" viewbox=\"0 0 256 512\" xmlns=\"http:\/\/www.w3.org\/2000\/svg\"><path d=\"M224.3 273l-136 136c-9.4 9.4-24.6 9.4-33.9 0l-22.6-22.6c-9.4-9.4-9.4-24.6 0-33.9l96.4-96.4-96.4-96.4c-9.4-9.4-9.4-24.6 0-33.9L54.3 103c9.4-9.4 24.6-9.4 33.9 0l136 136c9.5 9.4 9.5 24.6.1 34z\"><\/path><\/svg>\t\t\t<\/div>\n\t\t<\/div>\n\t\t\t\t\t\t<\/div>\n\t\t\t\t<\/div>\n\t\t\t\t<div class=\"elementor-element elementor-element-4b9eeb5 elementor-widget elementor-widget-heading\" data-id=\"4b9eeb5\" data-element_type=\"widget\" data-e-type=\"widget\" data-widget_type=\"heading.default\">\n\t\t\t\t<div class=\"elementor-widget-container\">\n\t\t\t\t\t<span class=\"elementor-heading-title elementor-size-default\">D\u00e9claration de confidentialit\u00e9<\/span>\t\t\t\t<\/div>\n\t\t\t\t<\/div>\n\t\t\t\t<\/div>\n\t\t\t\t\t<\/div>\n\t\t\t\t<\/div>\n\t\t<div class=\"elementor-element elementor-element-3163fe9 e-flex e-con-boxed e-con e-parent\" data-id=\"3163fe9\" data-element_type=\"container\" data-e-type=\"container\">\n\t\t\t\t\t<div class=\"e-con-inner\">\n\t\t\t\t<div class=\"elementor-element elementor-element-af6a8e3 elementor-widget elementor-widget-text-editor\" data-id=\"af6a8e3\" data-element_type=\"widget\" data-e-type=\"widget\" data-widget_type=\"text-editor.default\">\n\t\t\t\t<div class=\"elementor-widget-container\">\n\t\t\t\t\t\t\t\t\t<p><strong>Coordonn\u00e9es<\/strong><br \/>SOLAR+ (BV)<br \/>Vlinderstraat 20, 3550 Heusden-Zolder<br \/>Num\u00e9ro d'entreprise: BE0828.829.564<\/p><p>Pour toute question concernant l'acc\u00e8s ou la suppression des donn\u00e9es personnelles collect\u00e9es, vous pouvez contacter <a href=\"mailto:info@solarplus.be\">info@solarplus.be<\/a><\/p><p><strong>Politique de cookies de SOLAR+ (BV)<br \/><\/strong>SOLAR+ (BV) attache une grande importance \u00e0 ce que vous puissiez consulter, \u00e9couter, lire ou exp\u00e9rimenter son contenu SOLAR+ (BV) sur diverses plateformes m\u00e9diatiques, \u00e0 tout moment et en tout lieu. SOLAR+ (BV) souhaite \u00e9galement d\u00e9velopper des services interactifs et personnalis\u00e9s. Pour ce faire, des techniques sont utilis\u00e9es sur les services en ligne de SOLAR+ (BV), telles que les cookies et les scripts. Ces techniques seront, par souci de simplicit\u00e9, appel\u00e9es \"cookies\" dans cette politique de cookies. Dans cette politique, SOLAR+ (BV) souhaite vous informer des cookies utilis\u00e9s et des raisons de leur utilisation. Il est \u00e9galement expliqu\u00e9 dans quelle mesure vous, en tant qu'utilisateur, pouvez contr\u00f4ler l'utilisation de ces cookies. SOLAR+ souhaite en effet garantir au maximum votre vie priv\u00e9e et la convivialit\u00e9 de ses services en ligne.<\/p><p>Cette politique de cookies s'applique \u00e0 tous les \"services en ligne SOLAR+\", notamment tous les sites web, applications (mobiles) et services internet propos\u00e9s par SOLAR+ qui permettent l'acc\u00e8s au contenu de SOLAR+.<\/p><p>Certaines donn\u00e9es collect\u00e9es permettent de vous identifier ou d'\u00e9tablir un lien avec vous en tant que personne physique et sont donc consid\u00e9r\u00e9es comme des donn\u00e9es personnelles. Dans ce cas, les informations (y compris vos diff\u00e9rents droits) telles que d\u00e9finies dans notre politique de confidentialit\u00e9 s'appliquent \u00e9galement \u00e0 ces traitements effectu\u00e9s par les cookies.\u00a0<\/p><p>SOLAR+ peut modifier la politique de cookies \u00e0 tout moment. Cela peut se produire, par exemple, en raison de modifications apport\u00e9es \u00e0 ses services ou \u00e0 la l\u00e9gislation applicable. La politique modifi\u00e9e sera alors publi\u00e9e sur les services en ligne pertinents de solarplus.be et prendra effet \u00e0 partir du moment o\u00f9 elle est publi\u00e9e.\u00a0<\/p><p><strong>Que sont les cookies ?<br \/><\/strong>Les cookies sont de petits fichiers de donn\u00e9es ou de texte qui sont install\u00e9s sur votre ordinateur ou appareil mobile lorsque vous visitez un site web ou utilisez une application (mobile). Le fichier cookie contient un code unique permettant \u00e0 votre navigateur d'\u00eatre reconnu par le site web ou l'application lors de votre visite sur le service en ligne ou lors de visites r\u00e9p\u00e9t\u00e9es successives. Les cookies peuvent \u00eatre d\u00e9pos\u00e9s par le serveur du site ou de l'application que vous visitez, mais aussi par des serveurs tiers qui collaborent ou non avec ce site ou cette application.<\/p><p>Les cookies facilitent g\u00e9n\u00e9ralement l'interaction entre le visiteur et le site web ou l'application, la rendant plus rapide, et aident le visiteur \u00e0 naviguer entre les diff\u00e9rentes sections du site ou de l'application.<\/p><p><strong>Comment refuser ou g\u00e9rer l'utilisation des cookies sur les services en ligne de l'entreprise ?<br \/><\/strong>Vous pouvez refuser l'installation de cookies via les param\u00e8tres de votre navigateur. Vous pouvez \u00e9galement supprimer les cookies d\u00e9j\u00e0 install\u00e9s sur votre ordinateur ou appareil mobile \u00e0 tout moment. Voici comment proc\u00e9der :<\/p><ul><li><strong>Microsoft Edge: <\/strong><a href=\"https:\/\/www.swiftit.be\/cookies-verwijderen\/#edge\">#edge<\/a><\/li><li><strong>Google Chrome: <\/strong><a href=\"https:\/\/www.swiftit.be\/cookies-verwijderen\/#chrome\">#chrome\u00a0<\/a><\/li><li><strong>Mozilla Firefox: <\/strong><a href=\"https:\/\/www.swiftit.be\/cookies-verwijderen\/#firefox\">#firefox<\/a><\/li><li><strong>Safari:<\/strong> <a href=\"https:\/\/www.swiftit.be\/cookies-verwijderen\/#safari\">#safari<\/a><\/li><\/ul><p>Lorsque vous d\u00e9sactivez les cookies, vous devez garder \u00e0 l'esprit que certains \u00e9l\u00e9ments graphiques peuvent ne pas s'afficher correctement ou que certaines fonctionnalit\u00e9s peuvent ne pas fonctionner. De plus, certaines applications ou services en ligne peuvent ne pas \u00eatre accessibles, ce qui pourrait limiter votre exp\u00e9rience sur certains sites.<\/p><p><strong>Quels cookies utilise SOLAR+ BV ?<br \/><\/strong>Voici une liste d\u00e9taill\u00e9e de tous les types de cookies utilis\u00e9s par SOLAR+ sur ses sites web :<\/p><table width=\"1280\"><tbody><tr><td><p>CookieScriptConsent<\/p><\/td><td><p>www.solarplus.be<\/p><\/td><td><p>Cookie-script sets this cookie to remember visitor cookie consent preferences.<\/p><\/td><td><p>1 month<\/p><\/td><td><p>Necessary<\/p><\/td><\/tr><\/tbody><\/table><p>SOLAR+ traite vos donn\u00e9es personnelles parce que vous utilisez nos services et\/ou parce que vous nous les avez fournies vous-m\u00eame. Cela inclut \u00e9galement des activit\u00e9s visant \u00e0 augmenter notre base de clients. Voici un aper\u00e7u des donn\u00e9es personnelles que nous traitons:<\/p><ul><li>Pr\u00e9nom et nom<\/li><li>Coordonn\u00e9es<\/li><li>Adresse email<\/li><li>Num\u00e9ro de t\u00e9l\u00e9phone<\/li><li>Date de naissance<\/li><li>Adresse IP (par le biais de Google Analytics \u2013 SOLAR+ ne traite pas ses propres cookies sur son site)<\/li><\/ul><p>Plus de d\u00e9tails sur ces cookies peuvent \u00eatre trouv\u00e9s en bas de chaque page.<\/p><p><strong>Dans quel but traitons-nous les donn\u00e9es personnelles?<br \/><\/strong>SOLAR+ traite vos donn\u00e9es personnelles pour les objectifs suivants:<\/p><ul><li>Envoi de notre newsletter et\/ou de notre brochure publicitaire<\/li><li>Vous contacter par t\u00e9l\u00e9phone ou par e-mail si n\u00e9cessaire pour ex\u00e9cuter nos services<\/li><li>Analyse de votre comportement sur le site web afin d'am\u00e9liorer l'offre de produits et le site lui-m\u00eame.<strong>\u00a0<\/strong><\/li><\/ul><p><strong>Prise de d\u00e9cision automatis\u00e9e<br \/><\/strong>SOLAR+ ne prend pas de d\u00e9cisions, bas\u00e9es sur des traitements automatis\u00e9s, concernant des affaires pouvant avoir des cons\u00e9quences (importantes) pour les individus. Il s'agit de d\u00e9cisions prises par des programmes ou syst\u00e8mes informatiques, sans intervention humaine.<\/p><p><strong>Partage de donn\u00e9es personnelles avec des tiers<br \/><\/strong>SOLAR+ ne vendra jamais vos donn\u00e9es \u00e0 des tiers. Nous ne les transmettons \u00e0 des tiers que lorsque cela est n\u00e9cessaire pour l'ex\u00e9cution de nos services pour vous ou pour satisfaire \u00e0 une obligation l\u00e9gale.<\/p><p>Le traitement partiel des donn\u00e9es par des entreprises de services impliqu\u00e9es dans l'ex\u00e9cution de nos services et de nos op\u00e9rations commerciales se fait exclusivement avec des entreprises avec lesquelles un contrat de traitement des donn\u00e9es a \u00e9t\u00e9 conclu et qui agissent selon nos instructions. Cela inclut, entre autres, les fournisseurs de syst\u00e8mes de paiement, les agences de recouvrement, les cabinets d'avocats, les fournisseurs d'h\u00e9bergement, les registraires de domaines, les fournisseurs de services cloud (VoIP) et les entreprises qui g\u00e8rent nos services financiers.<\/p><p><strong>Donn\u00e9es personnelles particuli\u00e8res et\/ou sensibles<br \/><\/strong>En tant que responsable, nous ne traitons pas de donn\u00e9es personnelles sensibles.<\/p><p><strong>La dur\u00e9e de conservation des donn\u00e9es personnelles<br \/><\/strong>Les factures, devis, e-mails et documents l\u00e9gaux sont conserv\u00e9s conform\u00e9ment aux d\u00e9lais de conservation l\u00e9gaux (notamment sur ordre des autorit\u00e9s fiscales). Apr\u00e8s cette p\u00e9riode, toutes les factures et devis sont supprim\u00e9s d\u00e8s que possible. Cela signifie que ces donn\u00e9es sont d\u00e9truites ou modifi\u00e9es de mani\u00e8re \u00e0 ce que l'information ne puisse plus \u00eatre utilis\u00e9e pour identifier une personne.<\/p><p><strong>Modifier la d\u00e9claration de confidentialit\u00e9<br \/><\/strong>Nous nous r\u00e9servons le droit de modifier cette d\u00e9claration de confidentialit\u00e9. Les modifications seront publi\u00e9es sur ce site web.<\/p><p>\u00a0<\/p>\t\t\t\t\t\t\t\t<\/div>\n\t\t\t\t<\/div>\n\t\t\t\t\t<\/div>\n\t\t\t\t<\/div>\n\t\t\t\t<\/div>","protected":false},"excerpt":{"rendered":"<p>Privacyverklaring Laatste update: 23 \/ 1 \/ 2025 Home Privacyverklaring ContactgegevensSOLAR+ (BV)Vlinderstraat 20, 3550 Heusden-ZolderOndernemingsnummer: BE0828.829.564 Voor vragen tot betrekking van inzagen of het verwijderen van verzamelden persoonsgegevens kunt u contact opnemen met info@solarplus.be Cookiebeleid van SOLAR+ (BV)SOLAR+ (BV) vindt het belangrijk dat u op iedere plaats en elk ogenblik haar SOLAR+ (BV) -content kan [&hellip;]<\/p>\n","protected":false},"author":1,"featured_media":0,"parent":0,"menu_order":0,"comment_status":"closed","ping_status":"closed","template":"","meta":{"footnotes":""},"class_list":["post-1305","page","type-page","status-publish","hentry"],"_links":{"self":[{"href":"https:\/\/www.solarplus.be\/fr\/wp-json\/wp\/v2\/pages\/1305","targetHints":{"allow":["GET"]}}],"collection":[{"href":"https:\/\/www.solarplus.be\/fr\/wp-json\/wp\/v2\/pages"}],"about":[{"href":"https:\/\/www.solarplus.be\/fr\/wp-json\/wp\/v2\/types\/page"}],"author":[{"embeddable":true,"href":"https:\/\/www.solarplus.be\/fr\/wp-json\/wp\/v2\/users\/1"}],"replies":[{"embeddable":true,"href":"https:\/\/www.solarplus.be\/fr\/wp-json\/wp\/v2\/comments?post=1305"}],"version-history":[{"count":0,"href":"https:\/\/www.solarplus.be\/fr\/wp-json\/wp\/v2\/pages\/1305\/revisions"}],"wp:attachment":[{"href":"https:\/\/www.solarplus.be\/fr\/wp-json\/wp\/v2\/media?parent=1305"}],"curies":[{"name":"wp","href":"https:\/\/api.w.org\/{rel}","templated":true}]}}