{"id":2462,"date":"2025-04-30T13:30:47","date_gmt":"2025-04-30T13:30:47","guid":{"rendered":"https:\/\/www.solarplus.be\/?page_id=2462"},"modified":"2025-05-04T19:53:33","modified_gmt":"2025-05-04T19:53:33","slug":"zonnepanelen-berekenen","status":"publish","type":"page","link":"https:\/\/www.solarplus.be\/fr\/zonnepanelen-berekenen\/","title":{"rendered":"Zonnenpanelen Berekenen"},"content":{"rendered":"<div data-elementor-type=\"wp-page\" data-elementor-id=\"2462\" class=\"elementor elementor-2462\" data-elementor-post-type=\"page\">\n\t\t\t\t<div class=\"elementor-element elementor-element-24c218b e-flex e-con-boxed e-con e-parent\" data-id=\"24c218b\" data-element_type=\"container\" data-e-type=\"container\" id=\"calculator\" data-settings=\"{&quot;background_background&quot;:&quot;video&quot;,&quot;background_video_link&quot;:&quot;https:\\\/\\\/www.solarplus.be\\\/wp-content\\\/uploads\\\/2025\\\/04\\\/Zonnepanelen-Berekenen.mp4&quot;,&quot;background_play_on_mobile&quot;:&quot;yes&quot;}\">\n\t\t\t\t\t<div class=\"e-con-inner\">\n\t\t<div class=\"elementor-background-video-container\">\n\t\t\t\t\t\t\t<video class=\"elementor-background-video-hosted\" role=\"presentation\" autoplay muted playsinline loop><\/video>\n\t\t\t\t\t<\/div><div class=\"elementor-element elementor-element-13579e8 e-con-full e-flex e-con e-child\" data-id=\"13579e8\" data-element_type=\"container\" data-e-type=\"container\">\n\t\t\t\t<div class=\"elementor-element elementor-element-79f2d08 elementor-widget elementor-widget-heading\" data-id=\"79f2d08\" data-element_type=\"widget\" data-e-type=\"widget\" data-widget_type=\"heading.default\">\n\t\t\t\t<div class=\"elementor-widget-container\">\n\t\t\t\t\t<h1 class=\"elementor-heading-title elementor-size-default\">BEREKEN GRATIS <br>\nUW ZONNEPANELEN INSTALLATIE<\/h1>\t\t\t\t<\/div>\n\t\t\t\t<\/div>\n\t\t\t\t<div class=\"elementor-element elementor-element-2998ae3 elementor-widget elementor-widget-heading\" data-id=\"2998ae3\" data-element_type=\"widget\" data-e-type=\"widget\" data-widget_type=\"heading.default\">\n\t\t\t\t<div class=\"elementor-widget-container\">\n\t\t\t\t\t<div class=\"elementor-heading-title elementor-size-default\">M\u00e9t keuring inbegrepen!<\/div>\t\t\t\t<\/div>\n\t\t\t\t<\/div>\n\t\t\t\t<div class=\"elementor-element elementor-element-75fa103 elementor-widget elementor-widget-shortcode\" data-id=\"75fa103\" data-element_type=\"widget\" data-e-type=\"widget\" data-widget_type=\"shortcode.default\">\n\t\t\t\t<div class=\"elementor-widget-container\">\n\t\t\t\t\t\t\t<div class=\"elementor-shortcode\"><div id=\"custom-tool-app\">\r\n\t<div class=\"tool-inner-wrapper\">\r\n\t\t<div class=\"intro-line\">\r\n\t\t\t<b>Bereken snel <span class=\"highlight\">hoeveel zonnepanelen<\/span> u nodig heeft<\/b>\r\n\t\t<\/div>\r\n\t<\/div>\r\n<!-- PAGE 1 -->\r\n  <div id=\"page-1\" class=\"page\">\r\n    <div class=\"form-section\">\r\n      <div class=\"form-block\">\r\n        <div class=\"label\"><b>Wat is uw huidige energieverbruik?<\/b><\/div>\r\n        <div id=\"sliderValue\" class=\"value\">3500kWh<\/div>\r\n        <input id=\"colorSlider\" aria-label=\"energieverbruik\" type=\"range\" min=\"1000\" max=\"10000\" value=\"3500\" step=\"100\">\r\n      <\/div>\r\n      <div class=\"form-block\">\r\n        <div class=\"label\"><b>Hoeveel betaalt u voor uw energiefactuur?<\/b><\/div>\r\n        <div id=\"sliderValue2\" class=\"value\">\u20ac150<\/div>\r\n        <input id=\"colorSlider2\" type=\"range\" min=\"10\" max=\"600\" value=\"150\" step=\"10\">\r\n      <\/div>\r\n      <div class=\"form-button\">\r\n        <button class=\"orange_button\" id=\"start\">Start berekening<\/button>\r\n      <\/div>\r\n    <\/div>\r\n  <\/div>\t\r\n\t<!-- PAGE 2 -->\r\n\t<div id=\"page-2\" class=\"page\" style=\"display: none;\">\r\n\t\t<div class=\"form-inner\">\t\t\t\t\t\r\n\t\t\t<div id=\"warningMessage\" class=\"warning-text\">\r\n\t\t\t\tVul uw gegevens in\r\n\t\t\t<\/div>\t\t\t\t\t\r\n\t\t\t<div class=\"form-row\">\r\n\t\t\t\t<input id=\"inputName\" type=\"text\" placeholder=\"Nom\" required>\r\n\t\t\t\t<input id=\"inputLastName\" type=\"text\" placeholder=\"Nom de famille\" required>\r\n\t\t\t<\/div>\r\n\t\t\t<div class=\"form-row\">\r\n\t\t\t\t<input id=\"inputEmail\" type=\"email\" placeholder=\"Email\" required>\r\n\t\t\t\t<input id=\"inputPhone\" type=\"tel\" placeholder=\"Num\u00e9ro de t\u00e9l\u00e9phone\" required>\r\n\t\t\t<\/div>\r\n\t\t\t<div class=\"form-row\">\r\n\t\t\t\t<textarea id=\"inputMessage\" placeholder=\"Message\" rows=\"3\" required><\/textarea>\r\n\t\t\t<\/div>\r\n\t\t\t<div class=\"form-note\">\r\n\t\t\t\t<b>Lorsque vous demandez un contact, vous acceptez le stockage de vos donn\u00e9es<\/b>\r\n\t\t\t<\/div>\t\t\t\t\t\r\n\t\t\t<div class=\"form-button\">\r\n\t\t\t\t<button class=\"orange_button\" id=\"result\">Bekijk resultaat<\/button>\r\n\t\t\t<\/div>\r\n\t\t<\/div>\r\n\t<\/div>\r\n\t<!-- PAGE 3 -->\r\n\t<div id=\"page-3\" class=\"page\" style=\"display: none;\">\r\n\t\t<div class=\"form-inner\">\t\t\t\t\t\r\n\t\t\t<div class=\"form-row-final\">\r\n\t\t\t\t<img decoding=\"async\" src=\"https:\/\/www.solarplus.be\/wp-content\/uploads\/2025\/05\/zonnepanelen_omvormer.webp\" alt=\"Zonnepalene en omvormer\" style=\"height: 70px; margin-right: 15px;\">\r\n\t\t\t\t<div class=\"battery-options\">\r\n\t\t\t\t\t<div class=\"battery-title\">Met <span id=\"kwhDisplay\" class=\"highlight\">3600<\/span> verbruik heeft u nodig:<\/div>\r\n\t\t\t\t\t<div class=\"battery-options-buttons\">\r\n\t\t\t\t\t\t<label class=\"panel-count\"><span id=\"panelCount\">15<\/span> Panneaux solaires<\/label>\r\n\t\t\t\t\t<\/div>\r\n\t\t\t\t<\/div>\r\n\t\t\t<\/div>\r\n\t\t\t<div class=\"form-row-final\">\r\n\t\t\t\t<img decoding=\"async\" src=\"https:\/\/www.solarplus.be\/wp-content\/uploads\/2025\/05\/huawei_battijen.webp\" alt=\"Huawei batterij\" style=\"height: 70px; margin-right: 15px;\">\r\n\t\t\t\t<div class=\"battery-options\">\r\n\t\t\t\t\t<div class=\"battery-title\">Wilt u er een thuisbatterij bij?<\/div>\r\n\t\t\t\t\t<div class=\"battery-options-buttons\">\r\n\t\t\t\t\t\t<label class=\"battery-button\"><input type=\"checkbox\" name=\"battery\" value=\"5kw\">5kW<\/label>\r\n\t\t\t\t\t\t<label class=\"battery-button\"><input type=\"checkbox\" name=\"battery\" value=\"10kw\">10kW<\/label>\r\n\t\t\t\t\t\t<label class=\"battery-button\"><input type=\"checkbox\" name=\"battery\" value=\"15kw\">15kW<\/label>\r\n\t\t\t\t\t<\/div>\r\n\t\t\t\t<\/div>\r\n\t\t\t<\/div>\r\n\t\t\t<div class=\"form-row-final\">\r\n\t\t\t\t<div class=\"battery-title\">Terugverdientijd: <b id=\"paybackTime\" class=\"highlight\">-<\/b><\/div>\r\n\t\t\t<\/div>\r\n\t\t\t<div class=\"form-row-final\">\r\n\t\t\t\t<div class=\"battery-title\">Totale kosten: <b id=\"totalPrice\" class=\"highlight\">\u20ac0,-<\/b><\/div>\r\n\t\t\t<\/div>\r\n\t\t\t<div class=\"form-button\">\r\n\t\t\t\t<button class=\"orange_button\" id=\"quote\">Gratis aanvraag<\/button>\r\n\t\t\t<\/div>\r\n\t\t<\/div>\r\n\t<\/div>\r\n<\/div><\/div>\n\t\t\t\t\t\t<\/div>\n\t\t\t\t<\/div>\n\t\t\t\t<\/div>\n\t\t\t\t\t<\/div>\n\t\t\t\t<\/div>\n\t\t<div class=\"elementor-element elementor-element-f79330a e-flex e-con-boxed e-con e-parent\" data-id=\"f79330a\" data-element_type=\"container\" data-e-type=\"container\">\n\t\t\t\t\t<div class=\"e-con-inner\">\n\t\t\t\t<div class=\"elementor-element elementor-element-1c6570c elementor-widget elementor-widget-heading\" data-id=\"1c6570c\" data-element_type=\"widget\" data-e-type=\"widget\" data-widget_type=\"heading.default\">\n\t\t\t\t<div class=\"elementor-widget-container\">\n\t\t\t\t\t<h2 class=\"elementor-heading-title elementor-size-default\">Ontdek hoeveel zonnepanelen u nodig heeft<\/h2>\t\t\t\t<\/div>\n\t\t\t\t<\/div>\n\t\t\t\t<div class=\"elementor-element elementor-element-2b5802a elementor-widget elementor-widget-heading\" data-id=\"2b5802a\" data-element_type=\"widget\" data-e-type=\"widget\" data-widget_type=\"heading.default\">\n\t\t\t\t<div class=\"elementor-widget-container\">\n\t\t\t\t\t<h2 class=\"elementor-heading-title elementor-size-default\">Bereken gratis uw installatie, geen voorschot en met keuring!<\/h2>\t\t\t\t<\/div>\n\t\t\t\t<\/div>\n\t\t\t\t\t<\/div>\n\t\t\t\t<\/div>\n\t\t<div class=\"elementor-element elementor-element-f04d0c7 e-flex e-con-boxed e-con e-parent\" data-id=\"f04d0c7\" data-element_type=\"container\" data-e-type=\"container\">\n\t\t\t\t\t<div class=\"e-con-inner\">\n\t\t<div class=\"elementor-element elementor-element-3c7e43b e-con-full e-flex elementor-invisible e-con e-child\" data-id=\"3c7e43b\" data-element_type=\"container\" data-e-type=\"container\" data-settings=\"{&quot;animation&quot;:&quot;fadeInLeft&quot;}\">\n\t\t\t\t<div class=\"elementor-element elementor-element-c4c4152 elementor-widget elementor-widget-heading\" data-id=\"c4c4152\" data-element_type=\"widget\" data-e-type=\"widget\" data-widget_type=\"heading.default\">\n\t\t\t\t<div class=\"elementor-widget-container\">\n\t\t\t\t\t<h3 class=\"elementor-heading-title elementor-size-default\">Aiko Solar 500wp panelen<\/h3>\t\t\t\t<\/div>\n\t\t\t\t<\/div>\n\t\t\t\t<div class=\"elementor-element elementor-element-e2e4480 elementor-widget elementor-widget-text-editor\" data-id=\"e2e4480\" data-element_type=\"widget\" data-e-type=\"widget\" data-widget_type=\"text-editor.default\">\n\t\t\t\t<div class=\"elementor-widget-container\">\n\t\t\t\t\t\t\t\t\t<p class=\"\" data-start=\"301\" data-end=\"714\">Wij kiezen wij heel bewust voor <strong data-start=\"493\" data-end=\"521\">Aiko Solar<\/strong>. Deze panelen combineren technologie met een stijlvol design, en leveren jaar na jaar de beste prestaties \u2013 precies wat nodig is voor een zorgeloze investering in duurzame energie.<\/p><p class=\"\" data-start=\"716\" data-end=\"1057\">Aiko 500wp panelen zijn uitgerust met de <strong data-start=\"782\" data-end=\"840\">geavanceerde N-Type All Back Contact (ABC)-technologie<\/strong>, die een effici\u00ebntie tot wel <strong data-start=\"885\" data-end=\"892\">23%<\/strong> mogelijk maakt. Dat betekent: <strong data-start=\"923\" data-end=\"961\">meer opbrengst per vierkante meter<\/strong>, zelfs op bewolkte dagen of bij minder licht. Ideaal voor het Nederlandse en Belgische klimaat.<\/p><p>Met hun <strong data-start=\"1459\" data-end=\"1488\">volledig zwarte afwerking<\/strong> en het ontbreken van zichtbare contactpunten aan de voorzijde, passen deze panelen perfect bij moderne woningen. Strak, stijlvol \u00e9n functioneel.<\/p>\t\t\t\t\t\t\t\t<\/div>\n\t\t\t\t<\/div>\n\t\t\t\t<\/div>\n\t\t<div class=\"elementor-element elementor-element-f9d0590 e-con-full e-flex e-con e-child\" data-id=\"f9d0590\" data-element_type=\"container\" data-e-type=\"container\">\n\t\t\t\t<div class=\"elementor-element elementor-element-b98514f elementor-widget elementor-widget-image\" data-id=\"b98514f\" data-element_type=\"widget\" data-e-type=\"widget\" data-widget_type=\"image.default\">\n\t\t\t\t<div class=\"elementor-widget-container\">\n\t\t\t\t\t\t\t\t\t\t\t\t\t\t\t<img fetchpriority=\"high\" decoding=\"async\" width=\"500\" height=\"500\" src=\"https:\/\/www.solarplus.be\/wp-content\/uploads\/2025\/05\/zonnepanelen_omvormer.webp\" class=\"attachment-large size-large wp-image-2538\" alt=\"\" srcset=\"https:\/\/www.solarplus.be\/wp-content\/uploads\/2025\/05\/zonnepanelen_omvormer.webp 500w, https:\/\/www.solarplus.be\/wp-content\/uploads\/2025\/05\/zonnepanelen_omvormer-300x300.webp 300w, https:\/\/www.solarplus.be\/wp-content\/uploads\/2025\/05\/zonnepanelen_omvormer-150x150.webp 150w, https:\/\/www.solarplus.be\/wp-content\/uploads\/2025\/05\/zonnepanelen_omvormer-12x12.webp 12w\" sizes=\"(max-width: 500px) 100vw, 500px\" \/>\t\t\t\t\t\t\t\t\t\t\t\t\t\t\t<\/div>\n\t\t\t\t<\/div>\n\t\t\t\t<\/div>\n\t\t<div class=\"elementor-element elementor-element-f36a4a7 e-con-full e-flex elementor-invisible e-con e-child\" data-id=\"f36a4a7\" data-element_type=\"container\" data-e-type=\"container\" data-settings=\"{&quot;animation&quot;:&quot;fadeInRight&quot;}\">\n\t\t\t\t<div class=\"elementor-element elementor-element-6cec24d elementor-widget elementor-widget-heading\" data-id=\"6cec24d\" data-element_type=\"widget\" data-e-type=\"widget\" data-widget_type=\"heading.default\">\n\t\t\t\t<div class=\"elementor-widget-container\">\n\t\t\t\t\t<h3 class=\"elementor-heading-title elementor-size-default\">Huawei hybride omvormer<\/h3>\t\t\t\t<\/div>\n\t\t\t\t<\/div>\n\t\t\t\t<div class=\"elementor-element elementor-element-9f8f6ad elementor-widget elementor-widget-text-editor\" data-id=\"9f8f6ad\" data-element_type=\"widget\" data-e-type=\"widget\" data-widget_type=\"text-editor.default\">\n\t\t\t\t<div class=\"elementor-widget-container\">\n\t\t\t\t\t\t\t\t\t<p class=\"\" data-start=\"301\" data-end=\"714\">Een krachtige, slimme omvormer is de kern van een goed systeem, Daarom kiezen wij voor de <strong data-start=\"463\" data-end=\"495\">hybride omvormers van Huawei<\/strong>.<\/p><p data-start=\"301\" data-end=\"714\">Een groot voordeel van deze omvormer is dat <strong data-start=\"192\" data-end=\"237\">batterijopslag volledig wordt ondersteund<\/strong>. U kunt dus direct ook een thuisbatterij nemen of later uitbreiden. Zo houd u flexibiliteit zonder extra ombouwkosten.<\/p><p data-start=\"301\" data-end=\"714\">Controle via de gebruiksvriendelijke <strong data-start=\"1526\" data-end=\"1545\">FusionSolar-app<\/strong>, waarmee u live uw verbruik, opbrengst en opslag kunt volgen. <br \/><br \/>Geschikt voor zowel binnen als buiten, dankzij de IP65-bescherming.<\/p>\t\t\t\t\t\t\t\t<\/div>\n\t\t\t\t<\/div>\n\t\t\t\t<\/div>\n\t\t\t\t\t<\/div>\n\t\t\t\t<\/div>\n\t\t<div class=\"elementor-element elementor-element-0588aa6 e-flex e-con-boxed e-con e-parent\" data-id=\"0588aa6\" data-element_type=\"container\" data-e-type=\"container\">\n\t\t\t\t\t<div class=\"e-con-inner\">\n\t\t\t\t<div class=\"elementor-element elementor-element-96b4fc8 elementor-align-center elementor-mobile-align-start elementor-icon-list--layout-traditional elementor-list-item-link-full_width elementor-widget elementor-widget-icon-list\" data-id=\"96b4fc8\" data-element_type=\"widget\" data-e-type=\"widget\" data-widget_type=\"icon-list.default\">\n\t\t\t\t<div class=\"elementor-widget-container\">\n\t\t\t\t\t\t\t<ul class=\"elementor-icon-list-items\">\n\t\t\t\t\t\t\t<li class=\"elementor-icon-list-item\">\n\t\t\t\t\t\t\t\t\t\t\t<span class=\"elementor-icon-list-icon\">\n\t\t\t\t\t\t\t<svg aria-hidden=\"true\" class=\"e-font-icon-svg e-fas-check\" viewbox=\"0 0 512 512\" xmlns=\"http:\/\/www.w3.org\/2000\/svg\"><path d=\"M173.898 439.404l-166.4-166.4c-9.997-9.997-9.997-26.206 0-36.204l36.203-36.204c9.997-9.998 26.207-9.998 36.204 0L192 312.69 432.095 72.596c9.997-9.997 26.207-9.997 36.204 0l36.203 36.204c9.997 9.997 9.997 26.206 0 36.204l-294.4 294.401c-9.998 9.997-26.207 9.997-36.204-.001z\"><\/path><\/svg>\t\t\t\t\t\t<\/span>\n\t\t\t\t\t\t\t\t\t\t<span class=\"elementor-icon-list-text\"> 100% vrijblijvend - Geen verplichtingen of verrassingen<\/span>\n\t\t\t\t\t\t\t\t\t<\/li>\n\t\t\t\t\t\t\t\t<li class=\"elementor-icon-list-item\">\n\t\t\t\t\t\t\t\t\t\t\t<span class=\"elementor-icon-list-icon\">\n\t\t\t\t\t\t\t<svg aria-hidden=\"true\" class=\"e-font-icon-svg e-fas-users\" viewbox=\"0 0 640 512\" xmlns=\"http:\/\/www.w3.org\/2000\/svg\"><path d=\"M96 224c35.3 0 64-28.7 64-64s-28.7-64-64-64-64 28.7-64 64 28.7 64 64 64zm448 0c35.3 0 64-28.7 64-64s-28.7-64-64-64-64 28.7-64 64 28.7 64 64 64zm32 32h-64c-17.6 0-33.5 7.1-45.1 18.6 40.3 22.1 68.9 62 75.1 109.4h66c17.7 0 32-14.3 32-32v-32c0-35.3-28.7-64-64-64zm-256 0c61.9 0 112-50.1 112-112S381.9 32 320 32 208 82.1 208 144s50.1 112 112 112zm76.8 32h-8.3c-20.8 10-43.9 16-68.5 16s-47.6-6-68.5-16h-8.3C179.6 288 128 339.6 128 403.2V432c0 26.5 21.5 48 48 48h288c26.5 0 48-21.5 48-48v-28.8c0-63.6-51.6-115.2-115.2-115.2zm-223.7-13.4C161.5 263.1 145.6 256 128 256H64c-35.3 0-64 28.7-64 64v32c0 17.7 14.3 32 32 32h65.9c6.3-47.4 34.9-87.3 75.2-109.4z\"><\/path><\/svg>\t\t\t\t\t\t<\/span>\n\t\t\t\t\t\t\t\t\t\t<span class=\"elementor-icon-list-text\"> Wij nemen alleen contact op als u dat wilt<\/span>\n\t\t\t\t\t\t\t\t\t<\/li>\n\t\t\t\t\t\t<\/ul>\n\t\t\t\t\t\t<\/div>\n\t\t\t\t<\/div>\n\t\t\t\t<div class=\"elementor-element elementor-element-e21fb2a elementor-align-center elementor-widget elementor-widget-button\" data-id=\"e21fb2a\" data-element_type=\"widget\" data-e-type=\"widget\" data-widget_type=\"button.default\">\n\t\t\t\t<div class=\"elementor-widget-container\">\n\t\t\t\t\t\t\t\t\t<div class=\"elementor-button-wrapper\">\n\t\t\t\t\t<a class=\"elementor-button elementor-button-link elementor-size-sm\" href=\"#\">\n\t\t\t\t\t\t<span class=\"elementor-button-content-wrapper\">\n\t\t\t\t\t\t<span class=\"elementor-button-icon\">\n\t\t\t\t<svg aria-hidden=\"true\" class=\"e-font-icon-svg e-fas-user-check\" viewbox=\"0 0 640 512\" xmlns=\"http:\/\/www.w3.org\/2000\/svg\"><path d=\"M224 256c70.7 0 128-57.3 128-128S294.7 0 224 0 96 57.3 96 128s57.3 128 128 128zm89.6 32h-16.7c-22.2 10.2-46.9 16-72.9 16s-50.6-5.8-72.9-16h-16.7C60.2 288 0 348.2 0 422.4V464c0 26.5 21.5 48 48 48h352c26.5 0 48-21.5 48-48v-41.6c0-74.2-60.2-134.4-134.4-134.4zm323-128.4l-27.8-28.1c-4.6-4.7-12.1-4.7-16.8-.1l-104.8 104-45.5-45.8c-4.6-4.7-12.1-4.7-16.8-.1l-28.1 27.9c-4.7 4.6-4.7 12.1-.1 16.8l81.7 82.3c4.6 4.7 12.1 4.7 16.8.1l141.3-140.2c4.6-4.7 4.7-12.2.1-16.8z\"><\/path><\/svg>\t\t\t<\/span>\n\t\t\t\t\t\t\t\t\t<span class=\"elementor-button-text\">Start uw gratis berekening<\/span>\n\t\t\t\t\t<\/span>\n\t\t\t\t\t<\/a>\n\t\t\t\t<\/div>\n\t\t\t\t\t\t\t\t<\/div>\n\t\t\t\t<\/div>\n\t\t\t\t\t<\/div>\n\t\t\t\t<\/div>\n\t\t\t\t<\/div>","protected":false},"excerpt":{"rendered":"<p>BEREKEN GRATIS UW ZONNEPANELEN INSTALLATIE M\u00e9t keuring inbegrepen! Ontdek hoeveel zonnepanelen u nodig heeft Bereken gratis uw installatie, geen voorschot en met keuring! Aiko Solar 500wp panelen Wij kiezen wij heel bewust voor Aiko Solar. Deze panelen combineren technologie met een stijlvol design, en leveren jaar na jaar de beste prestaties \u2013 precies wat nodig [&hellip;]<\/p>\n","protected":false},"author":1,"featured_media":0,"parent":0,"menu_order":0,"comment_status":"closed","ping_status":"closed","template":"","meta":{"footnotes":""},"class_list":["post-2462","page","type-page","status-publish","hentry"],"_links":{"self":[{"href":"https:\/\/www.solarplus.be\/fr\/wp-json\/wp\/v2\/pages\/2462","targetHints":{"allow":["GET"]}}],"collection":[{"href":"https:\/\/www.solarplus.be\/fr\/wp-json\/wp\/v2\/pages"}],"about":[{"href":"https:\/\/www.solarplus.be\/fr\/wp-json\/wp\/v2\/types\/page"}],"author":[{"embeddable":true,"href":"https:\/\/www.solarplus.be\/fr\/wp-json\/wp\/v2\/users\/1"}],"replies":[{"embeddable":true,"href":"https:\/\/www.solarplus.be\/fr\/wp-json\/wp\/v2\/comments?post=2462"}],"version-history":[{"count":0,"href":"https:\/\/www.solarplus.be\/fr\/wp-json\/wp\/v2\/pages\/2462\/revisions"}],"wp:attachment":[{"href":"https:\/\/www.solarplus.be\/fr\/wp-json\/wp\/v2\/media?parent=2462"}],"curies":[{"name":"wp","href":"https:\/\/api.w.org\/{rel}","templated":true}]}}