{"id":40,"date":"2025-01-22T19:27:31","date_gmt":"2025-01-22T19:27:31","guid":{"rendered":"http:\/\/136.144.146.81\/?page_id=40"},"modified":"2025-04-05T19:16:03","modified_gmt":"2025-04-05T19:16:03","slug":"contact","status":"publish","type":"page","link":"https:\/\/www.solarplus.be\/fr\/contact\/","title":{"rendered":"Contact"},"content":{"rendered":"<div data-elementor-type=\"wp-page\" data-elementor-id=\"40\" class=\"elementor elementor-40\" data-elementor-post-type=\"page\">\n\t\t\t\t<div class=\"elementor-element elementor-element-bc537e8 e-flex e-con-boxed e-con e-parent\" data-id=\"bc537e8\" data-element_type=\"container\" data-e-type=\"container\" data-settings=\"{&quot;background_background&quot;:&quot;gradient&quot;}\">\n\t\t\t\t\t<div class=\"e-con-inner\">\n\t\t\t\t<div class=\"elementor-element elementor-element-3c7d811 elementor-widget elementor-widget-heading\" data-id=\"3c7d811\" data-element_type=\"widget\" data-e-type=\"widget\" data-widget_type=\"heading.default\">\n\t\t\t\t<div class=\"elementor-widget-container\">\n\t\t\t\t\t<h1 class=\"elementor-heading-title elementor-size-default\">Contact | Solar Plus<\/h1>\t\t\t\t<\/div>\n\t\t\t\t<\/div>\n\t\t\t\t<div class=\"elementor-element elementor-element-94d1668 elementor-widget-divider--view-line elementor-widget elementor-widget-divider\" data-id=\"94d1668\" data-element_type=\"widget\" data-e-type=\"widget\" data-widget_type=\"divider.default\">\n\t\t\t\t<div class=\"elementor-widget-container\">\n\t\t\t\t\t\t\t<div class=\"elementor-divider\">\n\t\t\t<span class=\"elementor-divider-separator\">\n\t\t\t\t\t\t<\/span>\n\t\t<\/div>\n\t\t\t\t\t\t<\/div>\n\t\t\t\t<\/div>\n\t\t\t\t<div class=\"elementor-element elementor-element-661c85c elementor-widget elementor-widget-text-editor\" data-id=\"661c85c\" data-element_type=\"widget\" data-e-type=\"widget\" data-widget_type=\"text-editor.default\">\n\t\t\t\t<div class=\"elementor-widget-container\">\n\t\t\t\t\t\t\t\t\t<p>Une question, une id\u00e9e ou un int\u00e9r\u00eat ? Nous sommes pr\u00eats \u00e0 \u00e9changer avec vous sur vos projets \u00e9nerg\u00e9tiques. Envoyez-nous un message ou appelez-nous directement pour une conversation personnalis\u00e9e.<\/p>\t\t\t\t\t\t\t\t<\/div>\n\t\t\t\t<\/div>\n\t\t<div class=\"elementor-element elementor-element-3bbeb6c e-con-full e-flex e-con e-child\" data-id=\"3bbeb6c\" data-element_type=\"container\" data-e-type=\"container\">\n\t\t\t\t<div class=\"elementor-element elementor-element-637a5a7 elementor-widget elementor-widget-heading\" data-id=\"637a5a7\" data-element_type=\"widget\" data-e-type=\"widget\" data-widget_type=\"heading.default\">\n\t\t\t\t<div class=\"elementor-widget-container\">\n\t\t\t\t\t<span class=\"elementor-heading-title elementor-size-default\">Home<\/span>\t\t\t\t<\/div>\n\t\t\t\t<\/div>\n\t\t\t\t<div class=\"elementor-element elementor-element-4745a23 elementor-view-default elementor-widget elementor-widget-icon\" data-id=\"4745a23\" data-element_type=\"widget\" data-e-type=\"widget\" data-widget_type=\"icon.default\">\n\t\t\t\t<div class=\"elementor-widget-container\">\n\t\t\t\t\t\t\t<div class=\"elementor-icon-wrapper\">\n\t\t\t<div class=\"elementor-icon\">\n\t\t\t<svg aria-hidden=\"true\" class=\"e-font-icon-svg e-fas-angle-right\" viewbox=\"0 0 256 512\" xmlns=\"http:\/\/www.w3.org\/2000\/svg\"><path d=\"M224.3 273l-136 136c-9.4 9.4-24.6 9.4-33.9 0l-22.6-22.6c-9.4-9.4-9.4-24.6 0-33.9l96.4-96.4-96.4-96.4c-9.4-9.4-9.4-24.6 0-33.9L54.3 103c9.4-9.4 24.6-9.4 33.9 0l136 136c9.5 9.4 9.5 24.6.1 34z\"><\/path><\/svg>\t\t\t<\/div>\n\t\t<\/div>\n\t\t\t\t\t\t<\/div>\n\t\t\t\t<\/div>\n\t\t\t\t<div class=\"elementor-element elementor-element-1858e87 elementor-widget elementor-widget-heading\" data-id=\"1858e87\" data-element_type=\"widget\" data-e-type=\"widget\" data-widget_type=\"heading.default\">\n\t\t\t\t<div class=\"elementor-widget-container\">\n\t\t\t\t\t<span class=\"elementor-heading-title elementor-size-default\">Contact<\/span>\t\t\t\t<\/div>\n\t\t\t\t<\/div>\n\t\t\t\t<\/div>\n\t\t\t\t\t<\/div>\n\t\t\t\t<\/div>\n\t\t<div class=\"elementor-element elementor-element-156b815 e-flex e-con-boxed e-con e-parent\" data-id=\"156b815\" data-element_type=\"container\" data-e-type=\"container\">\n\t\t\t\t\t<div class=\"e-con-inner\">\n\t\t<div class=\"elementor-element elementor-element-ebbb879 e-con-full e-flex e-con e-child\" data-id=\"ebbb879\" data-element_type=\"container\" data-e-type=\"container\">\n\t\t<div class=\"elementor-element elementor-element-a16140b e-con-full e-flex e-con e-child\" data-id=\"a16140b\" data-element_type=\"container\" data-e-type=\"container\">\n\t\t\t\t<div class=\"elementor-element elementor-element-675d465 elementor-widget elementor-widget-heading\" data-id=\"675d465\" data-element_type=\"widget\" data-e-type=\"widget\" data-widget_type=\"heading.default\">\n\t\t\t\t<div class=\"elementor-widget-container\">\n\t\t\t\t\t<div class=\"elementor-heading-title elementor-size-default\">R\u00c9PONSE SOUS 24 HEURES<\/div>\t\t\t\t<\/div>\n\t\t\t\t<\/div>\n\t\t\t\t<div class=\"elementor-element elementor-element-a8ace8d elementor-widget elementor-widget-heading\" data-id=\"a8ace8d\" data-element_type=\"widget\" data-e-type=\"widget\" data-widget_type=\"heading.default\">\n\t\t\t\t<div class=\"elementor-widget-container\">\n\t\t\t\t\t<h2 class=\"elementor-heading-title elementor-size-default\">Vous souhaitez un conseil ou avez-vous une question ?<\/h2>\t\t\t\t<\/div>\n\t\t\t\t<\/div>\n\t\t\t\t<div class=\"elementor-element elementor-element-f732a87 elementor-widget elementor-widget-text-editor\" data-id=\"f732a87\" data-element_type=\"widget\" data-e-type=\"widget\" data-widget_type=\"text-editor.default\">\n\t\t\t\t<div class=\"elementor-widget-container\">\n\t\t\t\t\t\t\t\t\t<div class=\"message_d5deea cozyMessage_d5deea wrapper_f9f2ca cozy_f9f2ca zalgo_f9f2ca\" tabindex=\"-1\" role=\"article\" data-list-item-id=\"chat-messages___chat-messages-1254017142634971157-1331826444719882250\" aria-setsize=\"-1\" aria-roledescription=\"Message\" aria-labelledby=\"message-username-1331826182026559510 uid_1 message-content-1331826444719882250 uid_2 message-timestamp-1331826444719882250\"><div class=\"contents_f9f2ca\"><div id=\"message-content-1331826444719882250\" class=\"markup_f8f345 messageContent_f9f2ca\"><p>Horaires d'ouverture : Du lundi au vendredi de <strong>09.00 \u2013 17.00<\/strong> <strong>heures<\/strong>.<\/p><p><strong>Vous avez une question? Nous sommes heureux de vous aider!<\/strong><br \/>Souhaitez-vous demander un devis sans engagement ou d\u00e9couvrir ce que nous pouvons faire pour votre entreprise ? Remplissez simplement le formulaire de contact, et l'un de nos conseillers vous contactera dans les plus brefs d\u00e9lais.<\/p><\/div><\/div><\/div>\t\t\t\t\t\t\t\t<\/div>\n\t\t\t\t<\/div>\n\t\t\t\t<\/div>\n\t\t\t\t<\/div>\n\t\t<div class=\"elementor-element elementor-element-b1d481d e-con-full e-flex elementor-invisible e-con e-child\" data-id=\"b1d481d\" data-element_type=\"container\" data-e-type=\"container\" data-settings=\"{&quot;background_background&quot;:&quot;classic&quot;,&quot;animation&quot;:&quot;fadeInRight&quot;}\">\n\t\t\t\t<div class=\"elementor-element elementor-element-7323890 elementor-widget elementor-widget-shortcode\" data-id=\"7323890\" data-element_type=\"widget\" data-e-type=\"widget\" data-widget_type=\"shortcode.default\">\n\t\t\t\t<div class=\"elementor-widget-container\">\n\t\t\t\t\t\t\t<div class=\"elementor-shortcode\"><div id=\"custom-tool-app\" class=\"custom-form-wrapper\">\r\n\t\t<div class=\"form-heading translation-block\"><b>Une <span class=\"highlight\">question<\/span> ou un <span class=\"highlight\">devis<\/span> ?<\/b><\/div>\r\n\t<hr class=\"form-divider\">\r\n\r\n\t<!-- Page 1: Form -->\r\n\t<div class=\"custom-form-wrapper\">\r\n  \t<div class=\"form-content-wrapper\">\r\n\t\t\t<div id=\"page-1\" class=\"page\">\r\n\t\t\t\t<div class=\"form-inner\">\r\n\t\t\t\t\t<div class=\"form-subheading\">\r\n\t\t\t\t\t\tLaissez vos coordonn\u00e9es et nous vous contacterons bient\u00f4t !\r\n\t\t\t\t\t<\/div>\r\n\r\n\r\n\t\t\t\t\t<div class=\"form-row\">\r\n\t\t\t\t\t\t<input id=\"inputName\" type=\"text\" placeholder=\"Nom\" required>\r\n\t\t\t\t\t\t<input id=\"inputLastName\" type=\"text\" placeholder=\"Nom de famille\" required>\r\n\t\t\t\t\t<\/div>\r\n\t\t\t\t\t<div class=\"form-row\">\r\n\t\t\t\t\t\t<input id=\"inputEmail\" type=\"email\" placeholder=\"Email\" required>\r\n\t\t\t\t\t<\/div>\r\n\t\t\t\t\t<div class=\"form-row\">\r\n\t\t\t\t\t\t<input id=\"inputPhone\" type=\"tel\" placeholder=\"Num\u00e9ro de t\u00e9l\u00e9phone\" required>\r\n\t\t\t\t\t\t<input id=\"inputCompany\" type=\"text\" placeholder=\"Entreprise\" required>\r\n\t\t\t\t\t<\/div>\r\n\t\t\t\t\t<div class=\"form-row\">\r\n\t\t\t\t\t\t<textarea id=\"inputMessage\" placeholder=\"Message\" rows=\"3\" required><\/textarea>\r\n\t\t\t\t\t<\/div>\r\n\r\n\r\n\t\t\t\t\t<div class=\"form-note\">\r\n\t\t\t\t\t\t<b>Lorsque vous demandez un contact, vous acceptez le stockage de vos donn\u00e9es<\/b>\r\n\t\t\t\t\t<\/div>\r\n\r\n\t\t\t\t\t<div id=\"warningMessage\" class=\"warning-text\">\r\n\t\t\t\t\t\t<b>Vul alle velden in om door te gaan<\/b>\r\n\t\t\t\t\t<\/div>\r\n\r\n\t\t\t\t\t<button id=\"start\" class=\"submit-btn\">Envoyer<\/button>\r\n\t\t\t\t<\/div>\r\n\t\t\t<\/div>\r\n\r\n\t\t\t<div class=\"charging-success\" style=\"display: none;\">\r\n\t\t\t\t<div class=\"charging-bar\">\r\n\t\t\t\t\t<div class=\"charging-fill\"><\/div>\r\n\t\t\t\t<\/div>\r\n\t\t\t\t<div class=\"charging-text\">La demande est en cours de traitement...<\/div>\r\n\t\t\t<\/div>\r\n\r\n\r\n\t\t\t<!-- Page 2: Thank You -->\r\n\t\t\t<div id=\"page-2\" class=\"page\" style=\"display: none;\">\r\n\t\t\t\t <div class=\"thank-you-content\">\r\n\t\t\t\t\t<div class=\"form-thankyou-heading\">\r\n\t\t\t\t\t\t<b>Merci pour votre demande<\/b>\r\n\t\t\t\t\t\t<div>\r\n\t\t\t\t\t\t\tNos conseillers en \u00e9nergie vous contacteront bient\u00f4t!\r\n\t\t\t\t\t\t<\/div>\r\n\t\t\t\t\t<\/div>\r\n\t\t\t\t<\/div>\r\n\t\t\t<\/div>\r\n\t\t<\/div>\r\n\t<\/div>\r\n<\/div><\/div>\n\t\t\t\t\t\t<\/div>\n\t\t\t\t<\/div>\n\t\t\t\t<\/div>\n\t\t\t\t\t<\/div>\n\t\t\t\t<\/div>\n\t\t<div class=\"elementor-element elementor-element-a67004b e-flex e-con-boxed e-con e-parent\" data-id=\"a67004b\" data-element_type=\"container\" data-e-type=\"container\">\n\t\t\t\t\t<div class=\"e-con-inner\">\n\t\t<div class=\"elementor-element elementor-element-f12a235 e-con-full e-flex e-con e-child\" data-id=\"f12a235\" data-element_type=\"container\" data-e-type=\"container\" data-settings=\"{&quot;animation&quot;:&quot;none&quot;}\">\n\t\t\t\t<div class=\"elementor-element elementor-element-a0afbbe elementor-widget elementor-widget-google_maps\" data-id=\"a0afbbe\" data-element_type=\"widget\" data-e-type=\"widget\" data-widget_type=\"google_maps.default\">\n\t\t\t\t<div class=\"elementor-widget-container\">\n\t\t\t\t\t\t\t<div class=\"elementor-custom-embed\">\n\t\t\t<iframe loading=\"lazy\"\n\t\t\t\t\tsrc=\"https:\/\/maps.google.com\/maps?q=Belgium&#038;t=m&#038;z=7&#038;output=embed&#038;iwloc=near\"\n\t\t\t\t\ttitle=\"Belgium\"\n\t\t\t\t\taria-label=\"Belgium\"\n\t\t\t><\/iframe>\n\t\t<\/div>\n\t\t\t\t\t\t<\/div>\n\t\t\t\t<\/div>\n\t\t\t\t<\/div>\n\t\t<div class=\"elementor-element elementor-element-e36c036 e-con-full e-flex e-con e-child\" data-id=\"e36c036\" data-element_type=\"container\" data-e-type=\"container\">\n\t\t<div class=\"elementor-element elementor-element-e99e895 e-con-full e-flex e-con e-child\" data-id=\"e99e895\" data-element_type=\"container\" data-e-type=\"container\">\n\t\t\t\t<div class=\"elementor-element elementor-element-f035a1f elementor-widget elementor-widget-heading\" data-id=\"f035a1f\" data-element_type=\"widget\" data-e-type=\"widget\" data-widget_type=\"heading.default\">\n\t\t\t\t<div class=\"elementor-widget-container\">\n\t\t\t\t\t<div class=\"elementor-heading-title elementor-size-default\">national<\/div>\t\t\t\t<\/div>\n\t\t\t\t<\/div>\n\t\t\t\t<div class=\"elementor-element elementor-element-77e93cd elementor-widget elementor-widget-heading\" data-id=\"77e93cd\" data-element_type=\"widget\" data-e-type=\"widget\" data-widget_type=\"heading.default\">\n\t\t\t\t<div class=\"elementor-widget-container\">\n\t\t\t\t\t<h2 class=\"elementor-heading-title elementor-size-default\">Actif dans toute la Belgique<\/h2>\t\t\t\t<\/div>\n\t\t\t\t<\/div>\n\t\t\t\t<div class=\"elementor-element elementor-element-7d46f9f elementor-widget elementor-widget-text-editor\" data-id=\"7d46f9f\" data-element_type=\"widget\" data-e-type=\"widget\" data-widget_type=\"text-editor.default\">\n\t\t\t\t<div class=\"elementor-widget-container\">\n\t\t\t\t\t\t\t\t\t<p>Nous ne livrons pas seulement localement, mais nous sommes \u00e0 votre service dans toute la Belgique ! Gr\u00e2ce \u00e0 notre vaste r\u00e9seau et \u00e0 nos \u00e9quipes d'installation, nous pouvons intervenir rapidement partout. Que vous soyez situ\u00e9 en Flandre, en Wallonie ou \u00e0 Bruxelles, Solar Plus est l\u00e0 pour vous.<\/p>\t\t\t\t\t\t\t\t<\/div>\n\t\t\t\t<\/div>\n\t\t\t\t<\/div>\n\t\t<div class=\"elementor-element elementor-element-588078a e-con-full e-flex e-con e-child\" data-id=\"588078a\" data-element_type=\"container\" data-e-type=\"container\">\n\t\t\t\t<\/div>\n\t\t\t\t<\/div>\n\t\t\t\t\t<\/div>\n\t\t\t\t<\/div>\n\t\t\t\t<\/div>","protected":false},"excerpt":{"rendered":"<p>Contact | Solar Plus Een vraag, idee of interesse? Wij staan klaar om samen te sparren over uw energieplannen. Stuur ons een bericht of bel ons direct voor een persoonlijk gesprek. Home Contact BINNEN 24 UUR ANTWOORD Wilt u advies of heeft u een vraag? Openingstijden: Maandag tot en met vrijdag van 09.00 \u2013 17.00 [&hellip;]<\/p>\n","protected":false},"author":1,"featured_media":0,"parent":0,"menu_order":0,"comment_status":"closed","ping_status":"closed","template":"","meta":{"footnotes":""},"class_list":["post-40","page","type-page","status-publish","hentry"],"_links":{"self":[{"href":"https:\/\/www.solarplus.be\/fr\/wp-json\/wp\/v2\/pages\/40","targetHints":{"allow":["GET"]}}],"collection":[{"href":"https:\/\/www.solarplus.be\/fr\/wp-json\/wp\/v2\/pages"}],"about":[{"href":"https:\/\/www.solarplus.be\/fr\/wp-json\/wp\/v2\/types\/page"}],"author":[{"embeddable":true,"href":"https:\/\/www.solarplus.be\/fr\/wp-json\/wp\/v2\/users\/1"}],"replies":[{"embeddable":true,"href":"https:\/\/www.solarplus.be\/fr\/wp-json\/wp\/v2\/comments?post=40"}],"version-history":[{"count":0,"href":"https:\/\/www.solarplus.be\/fr\/wp-json\/wp\/v2\/pages\/40\/revisions"}],"wp:attachment":[{"href":"https:\/\/www.solarplus.be\/fr\/wp-json\/wp\/v2\/media?parent=40"}],"curies":[{"name":"wp","href":"https:\/\/api.w.org\/{rel}","templated":true}]}}